{"id":2,"date":"2013-02-02T22:55:03","date_gmt":"2013-02-02T22:55:03","guid":{"rendered":"http:\/\/www.daedalum.org\/wp\/?page_id=2"},"modified":"2021-08-11T20:45:33","modified_gmt":"2021-08-11T18:45:33","slug":"page-d-exemple","status":"publish","type":"page","link":"https:\/\/blog.daedalum.org\/?page_id=2","title":{"rendered":"A propos"},"content":{"rendered":"<p>Daedalum est une aventure qui a d\u00e9but\u00e9 en 2007. A la base une page sur le monde pour partager mon avis, mes photos, quelques infos a\u00e9ros et mes carnets de voyages.<\/p>\n<p>Si le nom Daedalum vous intrigue, vous trouverez <a href=\"http:\/\/blog.daedalum.org\/?p=72\">quelques \u00e9l\u00e9ments de r\u00e9ponse ici\u00a0<\/a><\/p>\n<p>Vous pouvez \u00e9galement allez visiter mes galeries photos \u00e0 l&rsquo;adresse suivante : <a href=\"http:\/\/photos.daedalum.org\/\" target=\"_blank\" rel=\"noopener\">http:\/\/photos.daedalum.org\/<\/a><\/p>\n<hr \/>\n<p style=\"text-align: left;\">Suivez-nous sur les r\u00e9seaux sociaux :<\/p>\n<p><a href=\"https:\/\/www.facebook.com\/robinmoret.landscapes\/\">https:\/\/www.facebook.com\/robinmoret.landscapes\/<\/a><\/p>\n<p><a href=\"https:\/\/www.facebook.com\/robinmoret.aviation\/\">https:\/\/www.facebook.com\/robinmoret.aviation\/<\/a><\/p>\n<p><a href=\"https:\/\/www.instagram.com\/robinmoret_aviation\">https:\/\/www.instagram.com\/robinmoret_aviation<\/a><\/p>\n<p><a href=\"https:\/\/www.instagram.com\/robinmoret_landscapes\">https:\/\/www.instagram.com\/robinmoret_landscapes<\/a><\/p>\n<p><a class=\"twitter-timeline\" data-width=\"730\" data-height=\"1000\" data-dnt=\"true\" href=\"https:\/\/twitter.com\/Daedalum_tweets?ref_src=twsrc%5Etfw\">Tweets by Daedalum_tweets<\/a><script async src=\"https:\/\/platform.twitter.com\/widgets.js\" charset=\"utf-8\"><\/script><\/p>\n\n\n<p><\/p>\n","protected":false},"excerpt":{"rendered":"<p>Daedalum est une aventure qui a d\u00e9but\u00e9 en 2007. A la base une page sur le monde pour partager mon avis, mes photos, quelques infos a\u00e9ros et mes carnets de voyages. Si le nom Daedalum vous intrigue, vous trouverez quelques \u00e9l\u00e9ments de r\u00e9ponse ici\u00a0 Vous pouvez \u00e9galement allez visiter mes galeries photos \u00e0 l&rsquo;adresse suivante &#8230;<\/p>\n<p><a href=\"https:\/\/blog.daedalum.org\/?page_id=2\" class=\"more-link\">Continue reading &lsquo;A propos&rsquo; &raquo;<\/a><\/p>\n","protected":false},"author":1,"featured_media":0,"parent":0,"menu_order":0,"comment_status":"open","ping_status":"open","template":"","meta":[],"_links":{"self":[{"href":"https:\/\/blog.daedalum.org\/index.php?rest_route=\/wp\/v2\/pages\/2"}],"collection":[{"href":"https:\/\/blog.daedalum.org\/index.php?rest_route=\/wp\/v2\/pages"}],"about":[{"href":"https:\/\/blog.daedalum.org\/index.php?rest_route=\/wp\/v2\/types\/page"}],"author":[{"embeddable":true,"href":"https:\/\/blog.daedalum.org\/index.php?rest_route=\/wp\/v2\/users\/1"}],"replies":[{"embeddable":true,"href":"https:\/\/blog.daedalum.org\/index.php?rest_route=%2Fwp%2Fv2%2Fcomments&post=2"}],"version-history":[{"count":11,"href":"https:\/\/blog.daedalum.org\/index.php?rest_route=\/wp\/v2\/pages\/2\/revisions"}],"predecessor-version":[{"id":1919,"href":"https:\/\/blog.daedalum.org\/index.php?rest_route=\/wp\/v2\/pages\/2\/revisions\/1919"}],"wp:attachment":[{"href":"https:\/\/blog.daedalum.org\/index.php?rest_route=%2Fwp%2Fv2%2Fmedia&parent=2"}],"curies":[{"name":"wp","href":"https:\/\/api.w.org\/{rel}","templated":true}]}}